{"id":312,"date":"2019-12-08T22:14:50","date_gmt":"2019-12-08T21:14:50","guid":{"rendered":"http:\/\/www.mountainresidence-kasern.com\/?page_id=312"},"modified":"2020-05-02T10:00:04","modified_gmt":"2020-05-02T08:00:04","slug":"esperienza","status":"publish","type":"page","link":"https:\/\/www.mountainresidence-kasern.com\/it\/esperienza\/","title":{"rendered":"vivere"},"content":{"rendered":"","protected":false},"excerpt":{"rendered":"","protected":false},"author":1,"featured_media":0,"parent":0,"menu_order":3,"comment_status":"closed","ping_status":"closed","template":"","meta":{"inline_featured_image":false,"footnotes":""},"class_list":["post-312","page","type-page","status-publish","hentry"],"yoast_head":"<!-- This site is optimized with the Yoast SEO plugin v24.8.1 - https:\/\/yoast.com\/wordpress\/plugins\/seo\/ -->\n<title>Mountain Residence Casere | Sport | Scialpinismo\u00a0| Sci da fondo |\u00a0Mountainbike | Escursioni | Yoga | Valle Aurina | Alto Adige<\/title>\n<meta name=\"description\" content=\"L&#039;Alto Adige \u00e8 il luogo ideale per lo sport, il relax ed una vacanza senza auto, perch\u00e9 le possibilit\u00e0 sono infinite ed iniziano proprio sotto casa.\" \/>\n<meta name=\"robots\" content=\"index, follow, max-snippet:-1, max-image-preview:large, max-video-preview:-1\" \/>\n<link rel=\"canonical\" href=\"https:\/\/www.mountainresidence-kasern.com\/it\/esperienza\/\" \/>\n<meta property=\"og:locale\" content=\"it_IT\" \/>\n<meta property=\"og:type\" content=\"article\" \/>\n<meta property=\"og:title\" content=\"Mountain Residence Casere | Sport | Scialpinismo\u00a0| Sci da fondo |\u00a0Mountainbike | Escursioni | Yoga | Valle Aurina | Alto Adige\" \/>\n<meta property=\"og:description\" content=\"L&#039;Alto Adige \u00e8 il luogo ideale per lo sport, il relax ed una vacanza senza auto, perch\u00e9 le possibilit\u00e0 sono infinite ed iniziano proprio sotto casa.\" \/>\n<meta property=\"og:url\" content=\"https:\/\/www.mountainresidence-kasern.com\/it\/esperienza\/\" \/>\n<meta property=\"og:site_name\" content=\"Mountainresidence Kasern\" \/>\n<meta property=\"article:modified_time\" content=\"2020-05-02T08:00:04+00:00\" \/>\n<meta name=\"twitter:card\" content=\"summary_large_image\" \/>\n<script type=\"application\/ld+json\" class=\"yoast-schema-graph\">{\"@context\":\"https:\/\/schema.org\",\"@graph\":[{\"@type\":\"WebPage\",\"@id\":\"https:\/\/www.mountainresidence-kasern.com\/it\/esperienza\/\",\"url\":\"https:\/\/www.mountainresidence-kasern.com\/it\/esperienza\/\",\"name\":\"Mountain Residence Casere | Sport | Scialpinismo\u00a0| Sci da fondo |\u00a0Mountainbike | Escursioni | Yoga | Valle Aurina | Alto Adige\",\"isPartOf\":{\"@id\":\"https:\/\/www.mountainresidence-kasern.com\/#website\"},\"datePublished\":\"2019-12-08T21:14:50+00:00\",\"dateModified\":\"2020-05-02T08:00:04+00:00\",\"description\":\"L'Alto Adige \u00e8 il luogo ideale per lo sport, il relax ed una vacanza senza auto, perch\u00e9 le possibilit\u00e0 sono infinite ed iniziano proprio sotto casa.\",\"breadcrumb\":{\"@id\":\"https:\/\/www.mountainresidence-kasern.com\/it\/esperienza\/#breadcrumb\"},\"inLanguage\":\"it-IT\",\"potentialAction\":[{\"@type\":\"ReadAction\",\"target\":[\"https:\/\/www.mountainresidence-kasern.com\/it\/esperienza\/\"]}]},{\"@type\":\"BreadcrumbList\",\"@id\":\"https:\/\/www.mountainresidence-kasern.com\/it\/esperienza\/#breadcrumb\",\"itemListElement\":[{\"@type\":\"ListItem\",\"position\":1,\"name\":\"Startseite\",\"item\":\"https:\/\/www.mountainresidence-kasern.com\/it\/\"},{\"@type\":\"ListItem\",\"position\":2,\"name\":\"vivere\"}]},{\"@type\":\"WebSite\",\"@id\":\"https:\/\/www.mountainresidence-kasern.com\/#website\",\"url\":\"https:\/\/www.mountainresidence-kasern.com\/\",\"name\":\"Mountainresidence Kasern\",\"description\":\"Home is where your heart is\",\"potentialAction\":[{\"@type\":\"SearchAction\",\"target\":{\"@type\":\"EntryPoint\",\"urlTemplate\":\"https:\/\/www.mountainresidence-kasern.com\/?s={search_term_string}\"},\"query-input\":{\"@type\":\"PropertyValueSpecification\",\"valueRequired\":true,\"valueName\":\"search_term_string\"}}],\"inLanguage\":\"it-IT\"}]}<\/script>\n<!-- \/ Yoast SEO plugin. -->","yoast_head_json":{"title":"Mountain Residence Casere | Sport | Scialpinismo\u00a0| Sci da fondo |\u00a0Mountainbike | Escursioni | Yoga | Valle Aurina | Alto Adige","description":"L'Alto Adige \u00e8 il luogo ideale per lo sport, il relax ed una vacanza senza auto, perch\u00e9 le possibilit\u00e0 sono infinite ed iniziano proprio sotto casa.","robots":{"index":"index","follow":"follow","max-snippet":"max-snippet:-1","max-image-preview":"max-image-preview:large","max-video-preview":"max-video-preview:-1"},"canonical":"https:\/\/www.mountainresidence-kasern.com\/it\/esperienza\/","og_locale":"it_IT","og_type":"article","og_title":"Mountain Residence Casere | Sport | Scialpinismo\u00a0| Sci da fondo |\u00a0Mountainbike | Escursioni | Yoga | Valle Aurina | Alto Adige","og_description":"L'Alto Adige \u00e8 il luogo ideale per lo sport, il relax ed una vacanza senza auto, perch\u00e9 le possibilit\u00e0 sono infinite ed iniziano proprio sotto casa.","og_url":"https:\/\/www.mountainresidence-kasern.com\/it\/esperienza\/","og_site_name":"Mountainresidence Kasern","article_modified_time":"2020-05-02T08:00:04+00:00","twitter_card":"summary_large_image","schema":{"@context":"https:\/\/schema.org","@graph":[{"@type":"WebPage","@id":"https:\/\/www.mountainresidence-kasern.com\/it\/esperienza\/","url":"https:\/\/www.mountainresidence-kasern.com\/it\/esperienza\/","name":"Mountain Residence Casere | Sport | Scialpinismo\u00a0| Sci da fondo |\u00a0Mountainbike | Escursioni | Yoga | Valle Aurina | Alto Adige","isPartOf":{"@id":"https:\/\/www.mountainresidence-kasern.com\/#website"},"datePublished":"2019-12-08T21:14:50+00:00","dateModified":"2020-05-02T08:00:04+00:00","description":"L'Alto Adige \u00e8 il luogo ideale per lo sport, il relax ed una vacanza senza auto, perch\u00e9 le possibilit\u00e0 sono infinite ed iniziano proprio sotto casa.","breadcrumb":{"@id":"https:\/\/www.mountainresidence-kasern.com\/it\/esperienza\/#breadcrumb"},"inLanguage":"it-IT","potentialAction":[{"@type":"ReadAction","target":["https:\/\/www.mountainresidence-kasern.com\/it\/esperienza\/"]}]},{"@type":"BreadcrumbList","@id":"https:\/\/www.mountainresidence-kasern.com\/it\/esperienza\/#breadcrumb","itemListElement":[{"@type":"ListItem","position":1,"name":"Startseite","item":"https:\/\/www.mountainresidence-kasern.com\/it\/"},{"@type":"ListItem","position":2,"name":"vivere"}]},{"@type":"WebSite","@id":"https:\/\/www.mountainresidence-kasern.com\/#website","url":"https:\/\/www.mountainresidence-kasern.com\/","name":"Mountainresidence Kasern","description":"Home is where your heart is","potentialAction":[{"@type":"SearchAction","target":{"@type":"EntryPoint","urlTemplate":"https:\/\/www.mountainresidence-kasern.com\/?s={search_term_string}"},"query-input":{"@type":"PropertyValueSpecification","valueRequired":true,"valueName":"search_term_string"}}],"inLanguage":"it-IT"}]}},"_links":{"self":[{"href":"https:\/\/www.mountainresidence-kasern.com\/it\/wp-json\/wp\/v2\/pages\/312","targetHints":{"allow":["GET"]}}],"collection":[{"href":"https:\/\/www.mountainresidence-kasern.com\/it\/wp-json\/wp\/v2\/pages"}],"about":[{"href":"https:\/\/www.mountainresidence-kasern.com\/it\/wp-json\/wp\/v2\/types\/page"}],"author":[{"embeddable":true,"href":"https:\/\/www.mountainresidence-kasern.com\/it\/wp-json\/wp\/v2\/users\/1"}],"replies":[{"embeddable":true,"href":"https:\/\/www.mountainresidence-kasern.com\/it\/wp-json\/wp\/v2\/comments?post=312"}],"version-history":[{"count":0,"href":"https:\/\/www.mountainresidence-kasern.com\/it\/wp-json\/wp\/v2\/pages\/312\/revisions"}],"wp:attachment":[{"href":"https:\/\/www.mountainresidence-kasern.com\/it\/wp-json\/wp\/v2\/media?parent=312"}],"curies":[{"name":"wp","href":"https:\/\/api.w.org\/{rel}","templated":true}]}}