{"id":16,"date":"2019-11-06T19:50:33","date_gmt":"2019-11-06T18:50:33","guid":{"rendered":"http:\/\/localhost\/kasern\/?page_id=16"},"modified":"2019-11-06T19:50:33","modified_gmt":"2019-11-06T18:50:33","slug":"privacy","status":"publish","type":"page","link":"https:\/\/www.mountainresidence-kasern.com\/it\/privacy\/","title":{"rendered":"Privacy"},"content":{"rendered":"<h1>Privacy<\/h1>\n<p>La presente informativa sulla privacy \u00e8 rivolta, ai sensi<span>\u00a0<\/span><strong>del Regolamento (UE) 2016\/679 del Parlamento Europeo e del Consiglio del 27.04.2016 (Regolamento generale sulla protezione dei dati \u2013 GDPR)<\/strong>, a tutte le persone che utilizzano questa pagina web.<br \/>\nLa presente informativa \u00e8 valida solo in relazione alla presente pagina web e non ad eventuali altre pagine a cui l\u2019utente pu\u00f2 accedere tramite un collegamento ipertestuale.<br \/>\nIl gestore di questa pagina web garantisce, nei termini di legge, che il trattamento dei dati personali si svolge nel rispetto dei diritti, delle libert\u00e0 fondamentali e della dignit\u00e0 dell\u2019interessato, con particolare riferimento alla riservatezza, all\u2019identit\u00e0 personale e alla tutela dei dati personali.<\/p>\n<p><strong>1. NOME E CONTATTI DEL RESPONSABILE<br \/>\n<\/strong>Responsabile dell\u2019elaborazione dei dati \u00e8 l\u2019impresa:<\/p>\n<p>Mountainresidence Kasern<br \/>\nKasern 9, 39030 Prettau<br \/>\nS\u00fcdtirol-Alto Adige<br \/>\nTel: +39 348 001 0313<br \/>\nEmail: info@mountainresidence-kasern.com<br \/>\nMwSt.-Nr.:<span><\/span><br \/>\nCod. dest.<\/p>\n<p><strong>Responsabile della protezione dei dati:<\/strong><br \/>\nMountainresidence Kasern<br \/>\nKasern 9, 39030 Prettau<br \/>\nS\u00fcdtirol-Alto Adige<br \/>\nTel: +39 348 001 0313<br \/>\nEmail: info@mountainresidence-kasern.com<br \/>\nMwSt.-Nr.:<span><\/span><br \/>\nCod. dest.<\/p>\n<p>&nbsp;<\/p>\n<p><strong>2. DATI PERSONALI E CATEGORIE PARTICOLARI DI DATI<\/strong><br \/>\nSi considerano Vostri dati personali in particolare- i dati relativi alla Vostra persona (cognome, nome, indirizzo, email, numero di telefono, numero di fax, data di nascita) nonch\u00e9 lingua e targa del veicolo- i dati contenuti nel Vostro passaporto o nella Vostra carta di identit\u00e0- i dati relativi alle modalit\u00e0 di pagamento o correlati con i pagamenti (per es. coordinate bancarie, estremi delle carte di credito)- la data di arrivo e la durata del soggiornoRientrano nelle categorie particolari i dati di natura sanitaria e quelli relativi a particolari esigenze personali.<\/p>\n<p>&nbsp;<\/p>\n<p><strong>3. MOTIVI DI ELABORAZIONE DEI DATI PERSONALI E TITOLO GIURIDICO DELLA LORO ELABORAZIONE<\/strong><br \/>\nI dati comunicati verranno elaborati per le seguenti finalit\u00e0:- Adempimento di obblighi di legge- Attuazione di interventi precontrattuali e contrattuali relativi al soggiorno dell\u2019ospite (prenotazione, soggiorno, partenza ecc.)- Inoltro di comunicazioni e telefonate dirette all\u2019ospite- Memorizzazione dei dati ai fini di agevolare future prenotazioni e richieste- Invio di informazioni, offerte e novit\u00e0 dell\u2019impresa e degli altri esercizi partner dello stesso mediante email, posta ed altri mezzi di comunicazione, con riferimento all\u2019impresa, al territorio, agli eventi locali ecc.Titolo giuridico per l\u2019elaborazione dei Vostri dati sono:- obblighi giuridici o di legge- adempimento di obblighi e interventi precontrattuali e contrattuali- il Vostro consenso- interessi legittimi: Consegna di email pubblicitarie (newsletter) per il miglioramento del nostro servizio clienti, della nostra vicinanza al cliente.<\/p>\n<p>&nbsp;<\/p>\n<p><strong>4. DESTINATARI DEI DATI PERSONALI<br \/>\n<\/strong>In linea di principio, i Vostri dati personali non verranno inoltrati ad altri soggetti. In casi particolari essi potranno tuttavia- venir inoltrati ad altri reparti dell\u2019impresa, nei limiti del legittimo utilizzo,- venir inoltrati ai seguenti incaricati, come pure a terzi soggetti, ove ci\u00f2 sia necessario per venire incontro alle Vostre richieste o per l\u2019effettuazione di servizi particolari: veda punto \u201cterzi soggetti\u201d.I destinatari di cui sopra si sono impegnati nei nostri confronti al rispetto degli standard vigenti in materia di protezione dei dati.<\/p>\n<p>&nbsp;<\/p>\n<p><strong>5. DURATA DELLA CONSERVAZIONE DEI DATI<\/strong><br \/>\nLa durata della conservazione dei dati viene stabilita in base agli obblighi di conservazione dei dati e ai doveri previsti dalla legge. Se elaborati in ottemperanza a una disposizione di legge o ad un obbligo contrattuale, i Vostri dati personali verranno conservati per il tempo strettamente necessario all\u2019elaborazione. Se elaborati in base al Vostro consenso, essi resteranno conservati fino a revoca.<\/p>\n<p>&nbsp;<\/p>\n<p><strong>6. DIRITTI DELL\u2019INTERESSATO<br \/>\n<\/strong>Diritto all\u2019accesso:in base all\u2019art. 15 del RGPD, Lei ha diritto ad essere informato sui dati personali trattati, sulla loro provenienza, la loro natura, il loro eventuale inoltro e a chi e il loro utilizzo.Diritto alla rettifica e alla cancellazione:in base all\u2019Art. 16 RGPD, Lei ha in qualsiasi momento il diritto di chiedere la rettifica o l\u2019integrazione dei Suoi dati personali. Del pari in base all\u2019Art. 17 RGPD Lei pu\u00f2 chiedere la cancellazione degli stessi. In particolare in presenza di dati pubblicati Le compete anche il \u201cdiritto all\u2019oblio\u201d, ossia chiedere che vengano adottate le misure necessarie a cancellare tutti i links, le copie, le repliche o simili.Diritto di opposizione:Lei pu\u00f2 in ogni momento esercitare il diritto di opposizione di cui all\u2019Art. 21 RGPD e modificare o revocare interamente, con effetto futuro, il consenso impartito.Diritto di limitazione (o di blocco) del trattamento:in base all\u2019Art. 18 RGPD Lei pu\u00f2 esigere anche la limitazione del trattamento dei Suoi dati personali. I dati rilevati potranno venir elaborati solo previo specifico consenso, ovvero la loro elaborazione andr\u00e0 concretamente limitata.Diritto alla portabilit\u00e0 dei dati:in base all\u2019Art. 20 RGPD Lei ha il diritto di farsi trasmettere i dati personali da Lei forniti in un formato strutturato, di uso comune e leggibile da dispositivo automatico, come pure di esigere la loro trasmissione ad un altro responsabile.In base all\u2019Art. 77 RGPD \u00e8 previsto anche un suo Diritto di reclamo presso l\u2019autorit\u00e0 di controllo.<\/p>\n<p>&nbsp;<\/p>\n<p><strong>7. CARATTERISTICHE DEL CONSENSO<\/strong><\/p>\n<p>L\u2019elaborazione dei Suoi dati si effettuer\u00e0 in base al contratto e alla legge, come previsto dal disposto del Regolamento comunitario 679\/2016 (RGPD).Il consenso all\u2019elaborazione dei dati rientranti in categorie particolari \u00e8 impartito su base volontaria. In assenza di un consenso, dette elaborazioni non possono venir effettuate con riferimento a futuri ordini.Il consenso all\u2019elaborazione dei dati per quanto riguarda l\u2019invio di informazioni, offerte e novit\u00e0 dell\u2019impresa \u00e8 dato su base volontaria. Ove i dati personali non vengano forniti non verranno trasmesse offerte o altre informazioni.TERZI SOGGETTIGoogle Analytics con IP anonimizzato (Google Inc., Stati Uniti)Google Analytics \u00e8 un servizio di analisi web fornito da Google Inc. (\u201cGoogle\u201d). Google utilizza i Dati Personali raccolti allo scopo di tracciare ed esaminare l\u2019utilizzo di questo sito, compilare report e condividerli con gli altri servizi sviluppati da Google.Google potrebbe utilizzare i Dati Personali per contestualizzare e personalizzare gli annunci del proprio network pubblicitario.Questa integrazione di Google Analytics rende anonimo il tuo indirizzo IP. L\u2019anonimizzazione funziona abbreviando entro i confini degli stati membri dell\u2019Unione Europea o in altri Paesi aderenti all\u2019accordo sullo Spazio Economico Europeo l\u2019indirizzo IP degli Utenti. Solo in casi eccezionali, l\u2019indirizzo IP sar\u00e0 inviato ai server di Google ed abbreviato all\u2019interno degli Stati Uniti.<br \/>\nDati Personali raccolti: Cookie e Dati di utilizzo.<br \/>\nLuogo del trattamento: Stati Uniti \u2013 strumento per la disattivazione dei Google Analytics (opt out). Soggetto aderente al Privacy Shield.<\/p>\n<p>In caso di domande o dubbi sulla protezione dei dati, si prega di contattare il nostro titolare del trattamento\/responsabile della protezione dei dati.<span>\u00a0<\/span><a href=\"mailto:info@mountainresidence-kasern.com\">info@mountainresidence-kasern.com<\/a><br \/>\nUlteriori informazioni:<span>\u00a0<\/span><a href=\"https:\/\/ec.europa.eu\/info\/law\/law-topic\/data-protection\/data-protection-eu_de\" target=\"_blank\" rel=\"noopener noreferrer\">https:\/\/ec.europa.eu\/info\/law\/law-topic\/data-protection\/data-protection-eu_de<\/a><\/p>\n<p>Autorit\u00e0 competente (Italia): Garante per la Protezione dei Dati Personali, Piazza di Monte Citorio 121, 00186 ROM, Tel.: (+39) 06.696771, Fax: (+39) 06.69677.3785, e-mail:<span>\u00a0<\/span><a href=\"mailto:garante@gpdp.it\" target=\"_blank\" rel=\"noopener noreferrer\">garante@gpdp.it<\/a>, sito web:<span>\u00a0<\/span><a href=\"http:\/\/www.garanteprivacy.it\/\" target=\"_blank\" rel=\"noopener noreferrer\">http:\/\/www.garanteprivacy.it\/<\/a>.<\/p>\n","protected":false},"excerpt":{"rendered":"Privacy La presente informativa sulla privacy \u00e8 rivolta, ai sensi\u00a0del Regolamento (UE) 2016\/679 del Parlamento Europeo e del Consiglio del 27.04.2016 (Regolamento generale sulla protezione dei dati \u2013 GDPR), a tutte le persone che utilizzano questa pagina web. La presente informativa \u00e8 valida solo in relazione alla presente pagina web e non ad eventuali altre&#8230;","protected":false},"author":1,"featured_media":0,"parent":0,"menu_order":200,"comment_status":"closed","ping_status":"closed","template":"template-simple.php","meta":{"inline_featured_image":false,"footnotes":""},"class_list":["post-16","page","type-page","status-publish","hentry"],"yoast_head":"<!-- This site is optimized with the Yoast SEO plugin v24.8.1 - https:\/\/yoast.com\/wordpress\/plugins\/seo\/ -->\n<title>Privacy - Mountainresidence Kasern<\/title>\n<meta name=\"robots\" content=\"index, follow, max-snippet:-1, max-image-preview:large, max-video-preview:-1\" \/>\n<link rel=\"canonical\" href=\"https:\/\/www.mountainresidence-kasern.com\/it\/privacy\/\" \/>\n<meta property=\"og:locale\" content=\"it_IT\" \/>\n<meta property=\"og:type\" content=\"article\" \/>\n<meta property=\"og:title\" content=\"Privacy - Mountainresidence Kasern\" \/>\n<meta property=\"og:description\" content=\"Privacy La presente informativa sulla privacy \u00e8 rivolta, ai sensi\u00a0del Regolamento (UE) 2016\/679 del Parlamento Europeo e del Consiglio del 27.04.2016 (Regolamento generale sulla protezione dei dati \u2013 GDPR), a tutte le persone che utilizzano questa pagina web. La presente informativa \u00e8 valida solo in relazione alla presente pagina web e non ad eventuali altre...\" \/>\n<meta property=\"og:url\" content=\"https:\/\/www.mountainresidence-kasern.com\/it\/privacy\/\" \/>\n<meta property=\"og:site_name\" content=\"Mountainresidence Kasern\" \/>\n<meta name=\"twitter:card\" content=\"summary_large_image\" \/>\n<meta name=\"twitter:label1\" content=\"Tempo di lettura stimato\" \/>\n\t<meta name=\"twitter:data1\" content=\"6 minuti\" \/>\n<script type=\"application\/ld+json\" class=\"yoast-schema-graph\">{\"@context\":\"https:\/\/schema.org\",\"@graph\":[{\"@type\":\"WebPage\",\"@id\":\"https:\/\/www.mountainresidence-kasern.com\/it\/privacy\/\",\"url\":\"https:\/\/www.mountainresidence-kasern.com\/it\/privacy\/\",\"name\":\"Privacy - Mountainresidence Kasern\",\"isPartOf\":{\"@id\":\"https:\/\/www.mountainresidence-kasern.com\/#website\"},\"datePublished\":\"2019-11-06T18:50:33+00:00\",\"breadcrumb\":{\"@id\":\"https:\/\/www.mountainresidence-kasern.com\/it\/privacy\/#breadcrumb\"},\"inLanguage\":\"it-IT\",\"potentialAction\":[{\"@type\":\"ReadAction\",\"target\":[\"https:\/\/www.mountainresidence-kasern.com\/it\/privacy\/\"]}]},{\"@type\":\"BreadcrumbList\",\"@id\":\"https:\/\/www.mountainresidence-kasern.com\/it\/privacy\/#breadcrumb\",\"itemListElement\":[{\"@type\":\"ListItem\",\"position\":1,\"name\":\"Startseite\",\"item\":\"https:\/\/www.mountainresidence-kasern.com\/it\/\"},{\"@type\":\"ListItem\",\"position\":2,\"name\":\"Privacy\"}]},{\"@type\":\"WebSite\",\"@id\":\"https:\/\/www.mountainresidence-kasern.com\/#website\",\"url\":\"https:\/\/www.mountainresidence-kasern.com\/\",\"name\":\"Mountainresidence Kasern\",\"description\":\"Home is where your heart is\",\"potentialAction\":[{\"@type\":\"SearchAction\",\"target\":{\"@type\":\"EntryPoint\",\"urlTemplate\":\"https:\/\/www.mountainresidence-kasern.com\/?s={search_term_string}\"},\"query-input\":{\"@type\":\"PropertyValueSpecification\",\"valueRequired\":true,\"valueName\":\"search_term_string\"}}],\"inLanguage\":\"it-IT\"}]}<\/script>\n<!-- \/ Yoast SEO plugin. -->","yoast_head_json":{"title":"Privacy - Mountainresidence Kasern","robots":{"index":"index","follow":"follow","max-snippet":"max-snippet:-1","max-image-preview":"max-image-preview:large","max-video-preview":"max-video-preview:-1"},"canonical":"https:\/\/www.mountainresidence-kasern.com\/it\/privacy\/","og_locale":"it_IT","og_type":"article","og_title":"Privacy - Mountainresidence Kasern","og_description":"Privacy La presente informativa sulla privacy \u00e8 rivolta, ai sensi\u00a0del Regolamento (UE) 2016\/679 del Parlamento Europeo e del Consiglio del 27.04.2016 (Regolamento generale sulla protezione dei dati \u2013 GDPR), a tutte le persone che utilizzano questa pagina web. La presente informativa \u00e8 valida solo in relazione alla presente pagina web e non ad eventuali altre...","og_url":"https:\/\/www.mountainresidence-kasern.com\/it\/privacy\/","og_site_name":"Mountainresidence Kasern","twitter_card":"summary_large_image","twitter_misc":{"Tempo di lettura stimato":"6 minuti"},"schema":{"@context":"https:\/\/schema.org","@graph":[{"@type":"WebPage","@id":"https:\/\/www.mountainresidence-kasern.com\/it\/privacy\/","url":"https:\/\/www.mountainresidence-kasern.com\/it\/privacy\/","name":"Privacy - Mountainresidence Kasern","isPartOf":{"@id":"https:\/\/www.mountainresidence-kasern.com\/#website"},"datePublished":"2019-11-06T18:50:33+00:00","breadcrumb":{"@id":"https:\/\/www.mountainresidence-kasern.com\/it\/privacy\/#breadcrumb"},"inLanguage":"it-IT","potentialAction":[{"@type":"ReadAction","target":["https:\/\/www.mountainresidence-kasern.com\/it\/privacy\/"]}]},{"@type":"BreadcrumbList","@id":"https:\/\/www.mountainresidence-kasern.com\/it\/privacy\/#breadcrumb","itemListElement":[{"@type":"ListItem","position":1,"name":"Startseite","item":"https:\/\/www.mountainresidence-kasern.com\/it\/"},{"@type":"ListItem","position":2,"name":"Privacy"}]},{"@type":"WebSite","@id":"https:\/\/www.mountainresidence-kasern.com\/#website","url":"https:\/\/www.mountainresidence-kasern.com\/","name":"Mountainresidence Kasern","description":"Home is where your heart is","potentialAction":[{"@type":"SearchAction","target":{"@type":"EntryPoint","urlTemplate":"https:\/\/www.mountainresidence-kasern.com\/?s={search_term_string}"},"query-input":{"@type":"PropertyValueSpecification","valueRequired":true,"valueName":"search_term_string"}}],"inLanguage":"it-IT"}]}},"_links":{"self":[{"href":"https:\/\/www.mountainresidence-kasern.com\/it\/wp-json\/wp\/v2\/pages\/16","targetHints":{"allow":["GET"]}}],"collection":[{"href":"https:\/\/www.mountainresidence-kasern.com\/it\/wp-json\/wp\/v2\/pages"}],"about":[{"href":"https:\/\/www.mountainresidence-kasern.com\/it\/wp-json\/wp\/v2\/types\/page"}],"author":[{"embeddable":true,"href":"https:\/\/www.mountainresidence-kasern.com\/it\/wp-json\/wp\/v2\/users\/1"}],"replies":[{"embeddable":true,"href":"https:\/\/www.mountainresidence-kasern.com\/it\/wp-json\/wp\/v2\/comments?post=16"}],"version-history":[{"count":0,"href":"https:\/\/www.mountainresidence-kasern.com\/it\/wp-json\/wp\/v2\/pages\/16\/revisions"}],"wp:attachment":[{"href":"https:\/\/www.mountainresidence-kasern.com\/it\/wp-json\/wp\/v2\/media?parent=16"}],"curies":[{"name":"wp","href":"https:\/\/api.w.org\/{rel}","templated":true}]}}